{"id":15,"date":"2021-04-27T14:25:37","date_gmt":"2021-04-27T13:25:37","guid":{"rendered":"http:\/\/sadc.se\/?page_id=15"},"modified":"2021-04-27T14:28:57","modified_gmt":"2021-04-27T13:28:57","slug":"om-sajten","status":"publish","type":"page","link":"http:\/\/sadc.se\/?page_id=15","title":{"rendered":"Om sajten"},"content":{"rendered":"<p><img loading=\"lazy\" decoding=\"async\" class=\"alignnone size-large wp-image-19\" src=\"http:\/\/sadc.se\/wp-content\/uploads\/2021\/04\/tesla-1024x520.jpg\" alt=\"\" width=\"1024\" height=\"520\" srcset=\"http:\/\/sadc.se\/wp-content\/uploads\/2021\/04\/tesla-1024x520.jpg 1024w, http:\/\/sadc.se\/wp-content\/uploads\/2021\/04\/tesla-300x152.jpg 300w, http:\/\/sadc.se\/wp-content\/uploads\/2021\/04\/tesla-768x390.jpg 768w, http:\/\/sadc.se\/wp-content\/uploads\/2021\/04\/tesla.jpg 1200w\" sizes=\"auto, (max-width: 1024px) 100vw, 1024px\" \/><\/p>\n<p>Gillar du bilar? Gillar du nyheter som ber\u00f6r bilen? Perfekt, f\u00f6r d\u00e5 har du kommit till r\u00e4tt plats!<\/p>\n<p>Jag heter Martin och \u00e4r en utbildad mekaniker som lever f\u00f6r bilar, g\u00e4rna sportiga snabba fordon \u00e4ven om jag nu sj\u00e4lv k\u00f6r en tr\u00f6g pickup som \u00e4r allt annat \u00e4n smidig. P\u00e5 bilden ser ni hur jag inbillar mig hur min Cheva ser ut.. l\u00e4nge leve fantasin! \ud83d\ude42<\/p>\n<p>Jag skriver s\u00e5 ofta jag f\u00e5r tid och lust, om du ocks\u00e5 vill bli skribent s\u00e5 \u00e4r du v\u00e4lkommen att skicka mig ett mejl. Skriv ett par meningar om dig sj\u00e4lv och vad du kan bidra med s\u00e5 \u00e5terkommer jag. Ha det b\u00e4st och tack f\u00f6r bes\u00f6ket!<\/p>\n<p>Kram<br \/>\n\/Martin<\/p>\n","protected":false},"excerpt":{"rendered":"<p>Gillar du bilar? Gillar du nyheter som ber\u00f6r bilen? Perfekt, f\u00f6r d\u00e5 har du kommit till r\u00e4tt plats! Jag heter Martin och \u00e4r en utbildad mekaniker som lever f\u00f6r bilar, g\u00e4rna sportiga snabba fordon \u00e4ven om jag nu sj\u00e4lv k\u00f6r en tr\u00f6g pickup som \u00e4r allt annat \u00e4n smidig. P\u00e5 bilden ser ni hur jag &#8230; <a title=\"Om sajten\" class=\"read-more\" href=\"http:\/\/sadc.se\/?page_id=15\">Read more<span class=\"screen-reader-text\">Om sajten<\/span><\/a><\/p>\n","protected":false},"author":1,"featured_media":0,"parent":0,"menu_order":0,"comment_status":"closed","ping_status":"closed","template":"","meta":{"footnotes":""},"class_list":["post-15","page","type-page","status-publish"],"_links":{"self":[{"href":"http:\/\/sadc.se\/index.php?rest_route=\/wp\/v2\/pages\/15","targetHints":{"allow":["GET"]}}],"collection":[{"href":"http:\/\/sadc.se\/index.php?rest_route=\/wp\/v2\/pages"}],"about":[{"href":"http:\/\/sadc.se\/index.php?rest_route=\/wp\/v2\/types\/page"}],"author":[{"embeddable":true,"href":"http:\/\/sadc.se\/index.php?rest_route=\/wp\/v2\/users\/1"}],"replies":[{"embeddable":true,"href":"http:\/\/sadc.se\/index.php?rest_route=%2Fwp%2Fv2%2Fcomments&post=15"}],"version-history":[{"count":6,"href":"http:\/\/sadc.se\/index.php?rest_route=\/wp\/v2\/pages\/15\/revisions"}],"predecessor-version":[{"id":22,"href":"http:\/\/sadc.se\/index.php?rest_route=\/wp\/v2\/pages\/15\/revisions\/22"}],"wp:attachment":[{"href":"http:\/\/sadc.se\/index.php?rest_route=%2Fwp%2Fv2%2Fmedia&parent=15"}],"curies":[{"name":"wp","href":"https:\/\/api.w.org\/{rel}","templated":true}]}}